{"id":2,"date":"2019-01-23T13:50:31","date_gmt":"2019-01-23T13:50:31","guid":{"rendered":"https:\/\/project01.blendinger.berlin\/?page_id=2"},"modified":"2021-12-23T11:49:57","modified_gmt":"2021-12-23T10:49:57","slug":"sample-page","status":"publish","type":"page","link":"https:\/\/agelia.de\/","title":{"rendered":"Budgetberatung und -Assistenz"},"content":{"rendered":"<p style=\"text-align: center;\">Sie erreichen uns postalisch unter folgender Adresse<\/p>\n<blockquote>\n<p style=\"text-align: center;\">AGELIA e.V.<br \/>\nz.H. A.Milholland-Wei\u00df<br \/>\nRiemenschneiderweg 24<br \/>\n12157 Berlin<\/p>\n<\/blockquote>\n<p style=\"text-align: center;\">oder telefonisch unter<\/p>\n<blockquote>\n<p style=\"text-align: center;\">030 &#8211; 9440 8330<\/p>\n<\/blockquote>\n<p style=\"text-align: center;\">sowie per FAX unter<\/p>\n<blockquote>\n<p style=\"text-align: center;\">030 &#8211; 255 622 82<\/p>\n<\/blockquote>\n<p style=\"text-align: center;\">oder kontaktieren Sie uns \u00fcber unser Kontaktformular<\/p>\n<p style=\"text-align: center;\">\n<div class=\"wpcf7 no-js\" id=\"wpcf7-f4-o1\" lang=\"de-DE\" dir=\"ltr\" data-wpcf7-id=\"4\">\n<div class=\"screen-reader-response\"><p role=\"status\" aria-live=\"polite\" aria-atomic=\"true\"><\/p> <ul><\/ul><\/div>\n<form action=\"\/index.php\/wp-json\/wp\/v2\/pages\/2#wpcf7-f4-o1\" method=\"post\" class=\"wpcf7-form init\" aria-label=\"Kontaktformular\" novalidate=\"novalidate\" data-status=\"init\">\n<div style=\"display: none;\">\n<input type=\"hidden\" name=\"_wpcf7\" value=\"4\" \/>\n<input type=\"hidden\" name=\"_wpcf7_version\" value=\"6.0.6\" \/>\n<input type=\"hidden\" name=\"_wpcf7_locale\" value=\"de_DE\" \/>\n<input type=\"hidden\" name=\"_wpcf7_unit_tag\" value=\"wpcf7-f4-o1\" \/>\n<input type=\"hidden\" name=\"_wpcf7_container_post\" value=\"0\" \/>\n<input type=\"hidden\" name=\"_wpcf7_posted_data_hash\" value=\"\" \/>\n<input type=\"hidden\" name=\"_wpcf7_recaptcha_response\" value=\"\" \/>\n<\/div>\n<style>\nlabel{\n width: 100%;\n}\ninput[type=\"text\"],\ninput[type=\"email\"],\ninput[type=\"tel\"],\ntextarea\n{\n width: 80%;\n border-color: black;\n}\ninput[type=\"free_text\"]\n{\n width: 100%;\n border-color: black;\n}\n<\/style>\n<p><label> Name (Pflichtfeld)<br \/>\n<span class=\"wpcf7-form-control-wrap\" data-name=\"your-name\"><input size=\"40\" maxlength=\"400\" class=\"wpcf7-form-control wpcf7-text wpcf7-validates-as-required\" aria-required=\"true\" aria-invalid=\"false\" value=\"\" type=\"text\" name=\"your-name\" \/><\/span> <\/label>\n<\/p>\n<p><label> eMail (Pflichtfeld)<br \/>\n<span class=\"wpcf7-form-control-wrap\" data-name=\"your-email\"><input size=\"40\" maxlength=\"400\" class=\"wpcf7-form-control wpcf7-email wpcf7-validates-as-required wpcf7-text wpcf7-validates-as-email\" aria-required=\"true\" aria-invalid=\"false\" value=\"\" type=\"email\" name=\"your-email\" \/><\/span> <\/label>\n<\/p>\n<p><label> Telefon-Nr. (Pflichtfeld)<br \/>\n<span class=\"wpcf7-form-control-wrap\" data-name=\"telefon\"><input size=\"40\" maxlength=\"400\" class=\"wpcf7-form-control wpcf7-tel wpcf7-validates-as-required wpcf7-text wpcf7-validates-as-tel\" aria-required=\"true\" aria-invalid=\"false\" value=\"\" type=\"tel\" name=\"telefon\" \/><\/span> <\/label>\n<\/p>\n<p>Betreff<br \/>\n<span class=\"wpcf7-form-control-wrap\" data-name=\"your-subject\"><span class=\"wpcf7-form-control wpcf7-radio\"><span class=\"wpcf7-list-item first\"><label><input type=\"radio\" name=\"your-subject\" value=\"Ich w\u00fcnsche ein Beratungsgespr\u00e4ch zum pers\u00f6nlichen Budget\" checked=\"checked\" \/><span class=\"wpcf7-list-item-label\">Ich w\u00fcnsche ein Beratungsgespr\u00e4ch zum pers\u00f6nlichen Budget<\/span><\/label><\/span><span class=\"wpcf7-list-item\"><label><input type=\"radio\" name=\"your-subject\" value=\"Ich erhalte bereits ein pers\u00f6nliches Budget und m\u00f6chte von AGELIA e. V. beraten werden.\" \/><span class=\"wpcf7-list-item-label\">Ich erhalte bereits ein pers\u00f6nliches Budget und m\u00f6chte von AGELIA e. V. beraten werden.<\/span><\/label><\/span><span class=\"wpcf7-list-item\"><label><input type=\"radio\" name=\"your-subject\" value=\"Ich beabsichtige, ein pers\u00f6nliches Budget zu beantragen und m\u00f6chte von AGELIA e. V. beraten werden.\" \/><span class=\"wpcf7-list-item-label\">Ich beabsichtige, ein pers\u00f6nliches Budget zu beantragen und m\u00f6chte von AGELIA e. V. beraten werden.<\/span><\/label><\/span><span class=\"wpcf7-list-item\"><label><input type=\"radio\" name=\"your-subject\" value=\"Ich habe Probleme mit meinem Pers\u00f6nlichen Budget und m\u00f6chte jetzt Unterst\u00fctzung erhalten\" \/><span class=\"wpcf7-list-item-label\">Ich habe Probleme mit meinem Pers\u00f6nlichen Budget und m\u00f6chte jetzt Unterst\u00fctzung erhalten<\/span><\/label><\/span><span class=\"wpcf7-list-item last has-free-text\"><label><input type=\"radio\" name=\"your-subject\" value=\"Sonstiges Anliegen:\" \/><span class=\"wpcf7-list-item-label\">Sonstiges Anliegen:<\/span><\/label> <input type=\"text\" name=\"_wpcf7_free_text_your-subject\" class=\"wpcf7-free-text\" \/><\/span><\/span><\/span>\n<\/p>\n<p><label> Ihre Nachricht an uns<br \/>\n<span class=\"wpcf7-form-control-wrap\" data-name=\"your-message\"><textarea cols=\"40\" rows=\"10\" maxlength=\"2000\" class=\"wpcf7-form-control wpcf7-textarea\" aria-invalid=\"false\" name=\"your-message\"><\/textarea><\/span> <\/label>\n<\/p>\n\n<p><input class=\"wpcf7-form-control wpcf7-submit has-spinner\" type=\"submit\" value=\"Senden\" \/>\n<\/p><div class=\"wpcf7-response-output\" aria-hidden=\"true\"><\/div>\n<\/form>\n<\/div>\n<\/p>\n","protected":false},"excerpt":{"rendered":"<p>Sie erreichen uns postalisch unter folgender Adresse AGELIA e.V. z.H. A.Milholland-Wei\u00df Riemenschneiderweg 24 12157 Berlin oder telefonisch unter 030 &#8211; 9440 8330 sowie per FAX unter 030 &#8211; 255 622 82 oder kontaktieren Sie uns \u00fcber unser Kontaktformular<\/p>\n","protected":false},"author":1,"featured_media":0,"parent":0,"menu_order":0,"comment_status":"closed","ping_status":"closed","template":"","meta":{"neve_meta_sidebar":"","neve_meta_container":"","neve_meta_enable_content_width":"off","neve_meta_content_width":70,"neve_meta_title_alignment":"","neve_meta_author_avatar":"","neve_post_elements_order":"","neve_meta_disable_header":"","neve_meta_disable_footer":"","neve_meta_disable_title":"","footnotes":""},"class_list":["post-2","page","type-page","status-publish","hentry"],"yoast_head":"<!-- This site is optimized with the Yoast SEO plugin v27.2 - https:\/\/yoast.com\/product\/yoast-seo-wordpress\/ -->\n<title>Budgetberatung und -Assistenz - AGELIA e. V.<\/title>\n<meta name=\"robots\" content=\"index, follow, max-snippet:-1, max-image-preview:large, max-video-preview:-1\" \/>\n<link rel=\"canonical\" href=\"https:\/\/agelia.de\/\" \/>\n<meta property=\"og:locale\" content=\"de_DE\" \/>\n<meta property=\"og:type\" content=\"article\" \/>\n<meta property=\"og:title\" content=\"Budgetberatung und -Assistenz - AGELIA e. V.\" \/>\n<meta property=\"og:description\" content=\"Sie erreichen uns postalisch unter folgender Adresse AGELIA e.V. z.H. A.Milholland-Wei\u00df Riemenschneiderweg 24 12157 Berlin oder telefonisch unter 030 &#8211; 9440 8330 sowie per FAX unter 030 &#8211; 255 622 82 oder kontaktieren Sie uns \u00fcber unser Kontaktformular\" \/>\n<meta property=\"og:url\" content=\"https:\/\/agelia.de\/\" \/>\n<meta property=\"og:site_name\" content=\"AGELIA e. V.\" \/>\n<meta property=\"article:modified_time\" content=\"2021-12-23T10:49:57+00:00\" \/>\n<meta name=\"twitter:card\" content=\"summary_large_image\" \/>\n<script type=\"application\/ld+json\" class=\"yoast-schema-graph\">{\"@context\":\"https:\/\/schema.org\",\"@graph\":[{\"@type\":\"WebPage\",\"@id\":\"https:\/\/agelia.de\/\",\"url\":\"https:\/\/agelia.de\/\",\"name\":\"Budgetberatung und -Assistenz - AGELIA e. V.\",\"isPartOf\":{\"@id\":\"https:\/\/agelia.de\/#website\"},\"datePublished\":\"2019-01-23T13:50:31+00:00\",\"dateModified\":\"2021-12-23T10:49:57+00:00\",\"breadcrumb\":{\"@id\":\"https:\/\/agelia.de\/#breadcrumb\"},\"inLanguage\":\"de\",\"potentialAction\":[{\"@type\":\"ReadAction\",\"target\":[\"https:\/\/agelia.de\/\"]}]},{\"@type\":\"BreadcrumbList\",\"@id\":\"https:\/\/agelia.de\/#breadcrumb\",\"itemListElement\":[{\"@type\":\"ListItem\",\"position\":1,\"name\":\"Home\",\"item\":\"https:\/\/agelia.de\/\"},{\"@type\":\"ListItem\",\"position\":2,\"name\":\"Budgetberatung und -Assistenz\"}]},{\"@type\":\"WebSite\",\"@id\":\"https:\/\/agelia.de\/#website\",\"url\":\"https:\/\/agelia.de\/\",\"name\":\"AGELIA e. V.\",\"description\":\"Ihr Partner f\u00fcr das pers\u00f6nliche Budget\",\"potentialAction\":[{\"@type\":\"SearchAction\",\"target\":{\"@type\":\"EntryPoint\",\"urlTemplate\":\"https:\/\/agelia.de\/?s={search_term_string}\"},\"query-input\":{\"@type\":\"PropertyValueSpecification\",\"valueRequired\":true,\"valueName\":\"search_term_string\"}}],\"inLanguage\":\"de\"}]}<\/script>\n<!-- \/ Yoast SEO plugin. -->","yoast_head_json":{"title":"Budgetberatung und -Assistenz - AGELIA e. V.","robots":{"index":"index","follow":"follow","max-snippet":"max-snippet:-1","max-image-preview":"max-image-preview:large","max-video-preview":"max-video-preview:-1"},"canonical":"https:\/\/agelia.de\/","og_locale":"de_DE","og_type":"article","og_title":"Budgetberatung und -Assistenz - AGELIA e. V.","og_description":"Sie erreichen uns postalisch unter folgender Adresse AGELIA e.V. z.H. A.Milholland-Wei\u00df Riemenschneiderweg 24 12157 Berlin oder telefonisch unter 030 &#8211; 9440 8330 sowie per FAX unter 030 &#8211; 255 622 82 oder kontaktieren Sie uns \u00fcber unser Kontaktformular","og_url":"https:\/\/agelia.de\/","og_site_name":"AGELIA e. V.","article_modified_time":"2021-12-23T10:49:57+00:00","twitter_card":"summary_large_image","schema":{"@context":"https:\/\/schema.org","@graph":[{"@type":"WebPage","@id":"https:\/\/agelia.de\/","url":"https:\/\/agelia.de\/","name":"Budgetberatung und -Assistenz - AGELIA e. V.","isPartOf":{"@id":"https:\/\/agelia.de\/#website"},"datePublished":"2019-01-23T13:50:31+00:00","dateModified":"2021-12-23T10:49:57+00:00","breadcrumb":{"@id":"https:\/\/agelia.de\/#breadcrumb"},"inLanguage":"de","potentialAction":[{"@type":"ReadAction","target":["https:\/\/agelia.de\/"]}]},{"@type":"BreadcrumbList","@id":"https:\/\/agelia.de\/#breadcrumb","itemListElement":[{"@type":"ListItem","position":1,"name":"Home","item":"https:\/\/agelia.de\/"},{"@type":"ListItem","position":2,"name":"Budgetberatung und -Assistenz"}]},{"@type":"WebSite","@id":"https:\/\/agelia.de\/#website","url":"https:\/\/agelia.de\/","name":"AGELIA e. V.","description":"Ihr Partner f\u00fcr das pers\u00f6nliche Budget","potentialAction":[{"@type":"SearchAction","target":{"@type":"EntryPoint","urlTemplate":"https:\/\/agelia.de\/?s={search_term_string}"},"query-input":{"@type":"PropertyValueSpecification","valueRequired":true,"valueName":"search_term_string"}}],"inLanguage":"de"}]}},"_links":{"self":[{"href":"https:\/\/agelia.de\/index.php\/wp-json\/wp\/v2\/pages\/2","targetHints":{"allow":["GET"]}}],"collection":[{"href":"https:\/\/agelia.de\/index.php\/wp-json\/wp\/v2\/pages"}],"about":[{"href":"https:\/\/agelia.de\/index.php\/wp-json\/wp\/v2\/types\/page"}],"author":[{"embeddable":true,"href":"https:\/\/agelia.de\/index.php\/wp-json\/wp\/v2\/users\/1"}],"replies":[{"embeddable":true,"href":"https:\/\/agelia.de\/index.php\/wp-json\/wp\/v2\/comments?post=2"}],"version-history":[{"count":24,"href":"https:\/\/agelia.de\/index.php\/wp-json\/wp\/v2\/pages\/2\/revisions"}],"predecessor-version":[{"id":86,"href":"https:\/\/agelia.de\/index.php\/wp-json\/wp\/v2\/pages\/2\/revisions\/86"}],"wp:attachment":[{"href":"https:\/\/agelia.de\/index.php\/wp-json\/wp\/v2\/media?parent=2"}],"curies":[{"name":"wp","href":"https:\/\/api.w.org\/{rel}","templated":true}]}}